{"id":3,"date":"2024-10-16T07:19:31","date_gmt":"2024-10-16T07:19:31","guid":{"rendered":"http:\/\/brasilatm.com\/es\/?page_id=3"},"modified":"2024-12-18T17:11:25","modified_gmt":"2024-12-18T20:11:25","slug":"politica-de-privacidad","status":"publish","type":"page","link":"https:\/\/brasilatm.com\/es\/politica-de-privacidad\/","title":{"rendered":"Pol\u00edtica de Privacidad"},"content":{"rendered":"\t\t<div data-elementor-type=\"wp-page\" data-elementor-id=\"3\" class=\"elementor elementor-3\" data-elementor-post-type=\"page\">\n\t\t\t\t<div class=\"elementor-element elementor-element-100458b e-flex e-con-boxed e-con e-parent\" data-id=\"100458b\" data-element_type=\"container\" data-settings=\"{&quot;background_background&quot;:&quot;classic&quot;}\">\n\t\t\t\t\t<div class=\"e-con-inner\">\n\t\t<div class=\"elementor-element elementor-element-ad77e9b e-con-full e-flex e-con e-child\" data-id=\"ad77e9b\" data-element_type=\"container\">\n\t\t\t\t<div class=\"elementor-element elementor-element-fc77cbf elementor-widget elementor-widget-html\" data-id=\"fc77cbf\" data-element_type=\"widget\" data-widget_type=\"html.default\">\n\t\t\t\t<div class=\"elementor-widget-container\">\n\t\t\t\t\t<span><a href=\"javascript:void(0)\" onclick=\"history.back()\" class=\"btnvoltar\">< Volver<\/a><\/span> \t\t\t\t<\/div>\n\t\t\t\t<\/div>\n\t\t\t\t<\/div>\n\t\t<div class=\"elementor-element elementor-element-705dc73 e-con-full e-flex e-con e-child\" data-id=\"705dc73\" data-element_type=\"container\">\n\t\t\t\t<div class=\"elementor-element elementor-element-760a3b1 elementor-widget elementor-widget-breadcrumbs\" data-id=\"760a3b1\" data-element_type=\"widget\" data-widget_type=\"breadcrumbs.default\">\n\t\t\t\t<div class=\"elementor-widget-container\">\n\t\t\t\t\t<p id=\"breadcrumbs\"><span><span><a href=\"https:\/\/brasilatm.com\/es\/\">Portada<\/a><\/span><\/span><\/p>\t\t\t\t<\/div>\n\t\t\t\t<\/div>\n\t\t\t\t<\/div>\n\t\t\t\t\t<\/div>\n\t\t\t\t<\/div>\n\t\t<div class=\"elementor-element elementor-element-62749d0 e-flex e-con-boxed e-con e-parent\" data-id=\"62749d0\" data-element_type=\"container\" data-settings=\"{&quot;background_background&quot;:&quot;classic&quot;}\">\n\t\t\t\t\t<div class=\"e-con-inner\">\n\t\t\t\t<div class=\"elementor-element elementor-element-fb26fd7 avenirB elementor-widget elementor-widget-heading\" data-id=\"fb26fd7\" data-element_type=\"widget\" data-widget_type=\"heading.default\">\n\t\t\t\t<div class=\"elementor-widget-container\">\n\t\t\t\t\t<h1 class=\"elementor-heading-title elementor-size-default\">Termos &amp; Privacidade<\/h1>\t\t\t\t<\/div>\n\t\t\t\t<\/div>\n\t\t\t\t<div class=\"elementor-element elementor-element-1cf2dd9 elementor-widget elementor-widget-text-editor\" data-id=\"1cf2dd9\" data-element_type=\"widget\" data-widget_type=\"text-editor.default\">\n\t\t\t\t<div class=\"elementor-widget-container\">\n\t\t\t\t\t\t\t\t\t<p>Al acceder al sitio web de Brasil ATM, usted acepta los siguientes T\u00e9rminos de Uso y Pol\u00edtica de Privacidad. El contenido del sitio web, como textos, im\u00e1genes y videos, es propiedad exclusiva de Brasil ATM o sus licenciantes, y no puede ser reproducido, distribuido ni modificado sin autorizaci\u00f3n. Brasil ATM no se hace responsable de los da\u00f1os que puedan resultar del uso del sitio, siendo su uso responsabilidad exclusiva del usuario. Podemos modificar los T\u00e9rminos en cualquier momento, y cualquier cambio entrar\u00e1 en vigor inmediatamente despu\u00e9s de su publicaci\u00f3n en el sitio web.<\/p><p>En cuanto a la recopilaci\u00f3n de datos, podemos obtener informaci\u00f3n proporcionada directamente por usted, como nombre y correo electr\u00f3nico, as\u00ed como datos recopilados autom\u00e1ticamente, como la direcci\u00f3n IP y las cookies. Estos datos se utilizan para personalizar la experiencia del usuario y mejorar nuestros servicios. No compartimos su informaci\u00f3n personal con terceros, excepto cuando lo exija la ley o para la ejecuci\u00f3n de los servicios ofrecidos. Utilizamos cookies para mejorar la navegaci\u00f3n en el sitio web, y puede desactivarlas en cualquier momento desde su navegador, aunque esto podr\u00eda afectar algunas funcionalidades.<\/p><p>Adoptamos medidas de seguridad para proteger sus datos, pero no podemos garantizar la seguridad absoluta de la informaci\u00f3n transmitida por internet. El sitio web puede contener enlaces a sitios externos, y no nos hacemos responsables de las pr\u00e1cticas de privacidad ni del contenido de esos sitios. Nos reservamos el derecho de modificar esta Pol\u00edtica de Privacidad en cualquier momento, siendo las actualizaciones publicadas en esta p\u00e1gina. Si tiene alguna pregunta, cont\u00e1ctenos a trav\u00e9s del correo electr\u00f3nico <a href=\"mailto:comercial@daibrasil.com.br\"><b>comercial@daibrasil.com.br<\/b><\/a>.<\/p>\t\t\t\t\t\t\t\t<\/div>\n\t\t\t\t<\/div>\n\t\t\t\t\t<\/div>\n\t\t\t\t<\/div>\n\t\t\t\t<\/div>\n\t\t","protected":false},"excerpt":{"rendered":"<p>< Volver Termos &amp; Privacidade Al acceder al sitio web de Brasil ATM, usted acepta los siguientes T\u00e9rminos de Uso [&hellip;]\n<\/p>\n","protected":false},"author":1,"featured_media":0,"parent":0,"menu_order":0,"comment_status":"closed","ping_status":"closed","template":"","meta":{"_acf_changed":false,"inline_featured_image":false,"site-sidebar-layout":"no-sidebar","site-content-layout":"","ast-site-content-layout":"full-width-container","site-content-style":"default","site-sidebar-style":"default","ast-global-header-display":"","ast-banner-title-visibility":"","ast-main-header-display":"","ast-hfb-above-header-display":"","ast-hfb-below-header-display":"","ast-hfb-mobile-header-display":"","site-post-title":"disabled","ast-breadcrumbs-content":"","ast-featured-img":"disabled","footer-sml-layout":"","theme-transparent-header-meta":"","adv-header-id-meta":"","stick-header-meta":"","header-above-stick-meta":"","header-main-stick-meta":"","header-below-stick-meta":"","astra-migrate-meta-layouts":"default","ast-page-background-enabled":"default","ast-page-background-meta":{"desktop":{"background-color":"var(--ast-global-color-4)","background-image":"","background-repeat":"repeat","background-position":"center center","background-size":"auto","background-attachment":"scroll","background-type":"","background-media":"","overlay-type":"","overlay-color":"","overlay-opacity":"","overlay-gradient":""},"tablet":{"background-color":"","background-image":"","background-repeat":"repeat","background-position":"center center","background-size":"auto","background-attachment":"scroll","background-type":"","background-media":"","overlay-type":"","overlay-color":"","overlay-opacity":"","overlay-gradient":""},"mobile":{"background-color":"","background-image":"","background-repeat":"repeat","background-position":"center center","background-size":"auto","background-attachment":"scroll","background-type":"","background-media":"","overlay-type":"","overlay-color":"","overlay-opacity":"","overlay-gradient":""}},"ast-content-background-meta":{"desktop":{"background-color":"var(--ast-global-color-5)","background-image":"","background-repeat":"repeat","background-position":"center center","background-size":"auto","background-attachment":"scroll","background-type":"","background-media":"","overlay-type":"","overlay-color":"","overlay-opacity":"","overlay-gradient":""},"tablet":{"background-color":"var(--ast-global-color-5)","background-image":"","background-repeat":"repeat","background-position":"center center","background-size":"auto","background-attachment":"scroll","background-type":"","background-media":"","overlay-type":"","overlay-color":"","overlay-opacity":"","overlay-gradient":""},"mobile":{"background-color":"var(--ast-global-color-5)","background-image":"","background-repeat":"repeat","background-position":"center center","background-size":"auto","background-attachment":"scroll","background-type":"","background-media":"","overlay-type":"","overlay-color":"","overlay-opacity":"","overlay-gradient":""}},"footnotes":""},"class_list":["post-3","page","type-page","status-publish","hentry"],"acf":[],"yoast_head":"<!-- This site is optimized with the Yoast SEO plugin v24.5 - https:\/\/yoast.com\/wordpress\/plugins\/seo\/ -->\n<title>Pol\u00edtica de Privacidad - BrasilATM<\/title>\n<meta name=\"robots\" content=\"index, follow, max-snippet:-1, max-image-preview:large, max-video-preview:-1\" \/>\n<link rel=\"canonical\" href=\"https:\/\/brasilatm.com\/es\/politica-de-privacidad\/\" \/>\n<meta property=\"og:locale\" content=\"es_ES\" \/>\n<meta property=\"og:type\" content=\"article\" \/>\n<meta property=\"og:title\" content=\"Pol\u00edtica de Privacidad - BrasilATM\" \/>\n<meta property=\"og:description\" content=\"&lt; Volver Termos &amp; Privacidade Al acceder al sitio web de Brasil ATM, usted acepta los siguientes T\u00e9rminos de Uso [&hellip;]\" \/>\n<meta property=\"og:url\" content=\"https:\/\/brasilatm.com\/es\/politica-de-privacidad\/\" \/>\n<meta property=\"og:site_name\" content=\"BrasilATM\" \/>\n<meta property=\"article:modified_time\" content=\"2024-12-18T20:11:25+00:00\" \/>\n<meta name=\"twitter:card\" content=\"summary_large_image\" \/>\n<meta name=\"twitter:label1\" content=\"Tiempo de lectura\" \/>\n\t<meta name=\"twitter:data1\" content=\"2 minutos\" \/>\n<script type=\"application\/ld+json\" class=\"yoast-schema-graph\">{\"@context\":\"https:\/\/schema.org\",\"@graph\":[{\"@type\":\"WebPage\",\"@id\":\"https:\/\/brasilatm.com\/es\/politica-de-privacidad\/\",\"url\":\"https:\/\/brasilatm.com\/es\/politica-de-privacidad\/\",\"name\":\"Pol\u00edtica de Privacidad - BrasilATM\",\"isPartOf\":{\"@id\":\"https:\/\/brasilatm.com\/es\/#website\"},\"datePublished\":\"2024-10-16T07:19:31+00:00\",\"dateModified\":\"2024-12-18T20:11:25+00:00\",\"breadcrumb\":{\"@id\":\"https:\/\/brasilatm.com\/es\/politica-de-privacidad\/#breadcrumb\"},\"inLanguage\":\"es\",\"potentialAction\":[{\"@type\":\"ReadAction\",\"target\":[\"https:\/\/brasilatm.com\/es\/politica-de-privacidad\/\"]}]},{\"@type\":\"BreadcrumbList\",\"@id\":\"https:\/\/brasilatm.com\/es\/politica-de-privacidad\/#breadcrumb\",\"itemListElement\":[{\"@type\":\"ListItem\",\"position\":1,\"name\":\"Portada\",\"item\":\"https:\/\/brasilatm.com\/es\/\"},{\"@type\":\"ListItem\",\"position\":2,\"name\":\"Pol\u00edtica de Privacidad\"}]},{\"@type\":\"WebSite\",\"@id\":\"https:\/\/brasilatm.com\/es\/#website\",\"url\":\"https:\/\/brasilatm.com\/es\/\",\"name\":\"BrasilATM\",\"description\":\"Sitio en Espa\u00f1ol\",\"potentialAction\":[{\"@type\":\"SearchAction\",\"target\":{\"@type\":\"EntryPoint\",\"urlTemplate\":\"https:\/\/brasilatm.com\/es\/?s={search_term_string}\"},\"query-input\":{\"@type\":\"PropertyValueSpecification\",\"valueRequired\":true,\"valueName\":\"search_term_string\"}}],\"inLanguage\":\"es\"}]}<\/script>\n<!-- \/ Yoast SEO plugin. -->","yoast_head_json":{"title":"Pol\u00edtica de Privacidad - BrasilATM","robots":{"index":"index","follow":"follow","max-snippet":"max-snippet:-1","max-image-preview":"max-image-preview:large","max-video-preview":"max-video-preview:-1"},"canonical":"https:\/\/brasilatm.com\/es\/politica-de-privacidad\/","og_locale":"es_ES","og_type":"article","og_title":"Pol\u00edtica de Privacidad - BrasilATM","og_description":"< Volver Termos &amp; Privacidade Al acceder al sitio web de Brasil ATM, usted acepta los siguientes T\u00e9rminos de Uso [&hellip;]","og_url":"https:\/\/brasilatm.com\/es\/politica-de-privacidad\/","og_site_name":"BrasilATM","article_modified_time":"2024-12-18T20:11:25+00:00","twitter_card":"summary_large_image","twitter_misc":{"Tiempo de lectura":"2 minutos"},"schema":{"@context":"https:\/\/schema.org","@graph":[{"@type":"WebPage","@id":"https:\/\/brasilatm.com\/es\/politica-de-privacidad\/","url":"https:\/\/brasilatm.com\/es\/politica-de-privacidad\/","name":"Pol\u00edtica de Privacidad - BrasilATM","isPartOf":{"@id":"https:\/\/brasilatm.com\/es\/#website"},"datePublished":"2024-10-16T07:19:31+00:00","dateModified":"2024-12-18T20:11:25+00:00","breadcrumb":{"@id":"https:\/\/brasilatm.com\/es\/politica-de-privacidad\/#breadcrumb"},"inLanguage":"es","potentialAction":[{"@type":"ReadAction","target":["https:\/\/brasilatm.com\/es\/politica-de-privacidad\/"]}]},{"@type":"BreadcrumbList","@id":"https:\/\/brasilatm.com\/es\/politica-de-privacidad\/#breadcrumb","itemListElement":[{"@type":"ListItem","position":1,"name":"Portada","item":"https:\/\/brasilatm.com\/es\/"},{"@type":"ListItem","position":2,"name":"Pol\u00edtica de Privacidad"}]},{"@type":"WebSite","@id":"https:\/\/brasilatm.com\/es\/#website","url":"https:\/\/brasilatm.com\/es\/","name":"BrasilATM","description":"Sitio en Espa\u00f1ol","potentialAction":[{"@type":"SearchAction","target":{"@type":"EntryPoint","urlTemplate":"https:\/\/brasilatm.com\/es\/?s={search_term_string}"},"query-input":{"@type":"PropertyValueSpecification","valueRequired":true,"valueName":"search_term_string"}}],"inLanguage":"es"}]}},"_links":{"self":[{"href":"https:\/\/brasilatm.com\/es\/wp-json\/wp\/v2\/pages\/3","targetHints":{"allow":["GET"]}}],"collection":[{"href":"https:\/\/brasilatm.com\/es\/wp-json\/wp\/v2\/pages"}],"about":[{"href":"https:\/\/brasilatm.com\/es\/wp-json\/wp\/v2\/types\/page"}],"author":[{"embeddable":true,"href":"https:\/\/brasilatm.com\/es\/wp-json\/wp\/v2\/users\/1"}],"replies":[{"embeddable":true,"href":"https:\/\/brasilatm.com\/es\/wp-json\/wp\/v2\/comments?post=3"}],"version-history":[{"count":6,"href":"https:\/\/brasilatm.com\/es\/wp-json\/wp\/v2\/pages\/3\/revisions"}],"predecessor-version":[{"id":7391,"href":"https:\/\/brasilatm.com\/es\/wp-json\/wp\/v2\/pages\/3\/revisions\/7391"}],"wp:attachment":[{"href":"https:\/\/brasilatm.com\/es\/wp-json\/wp\/v2\/media?parent=3"}],"curies":[{"name":"wp","href":"https:\/\/api.w.org\/{rel}","templated":true}]}}